{"id":3776,"date":"2021-06-30T10:42:58","date_gmt":"2021-06-30T08:42:58","guid":{"rendered":"https:\/\/dilectacycles.com\/?page_id=3776"},"modified":"2022-06-27T14:21:16","modified_gmt":"2022-06-27T12:21:16","slug":"legal-notice","status":"publish","type":"page","link":"https:\/\/dilectacycles.com\/en\/legal-notice\/","title":{"rendered":"Legal notice"},"content":{"rendered":"<div class=\"wp-block-cover alignfull has-background-dim-20 has-background-dim\" style=\"background-image:url(https:\/\/dilectacycles.com\/wp-content\/uploads\/2021\/01\/Dilecta-la-pedale-10-1930.jpg);min-height:300px;background-position:50% 38%;aspect-ratio:unset;\"><div class=\"wp-block-cover__inner-container is-layout-flow wp-block-cover-is-layout-flow\"><p class=\"has-text-align-center has-large-font-size\"><\/p><\/div><\/div><div style=\"height:100px\" aria-hidden=\"true\" class=\"wp-block-spacer\"><\/div><h1 class=\"alignwide has-text-align-center wp-block-heading\">Mentions<br\/>l\u00e9gales<\/h1><div style=\"height:100px\" aria-hidden=\"true\" class=\"wp-block-spacer\"><\/div><h4 class=\"wp-block-heading\">IMSC DILECTA<\/h4><p>Soci\u00e9t\u00e9 par actions simplifi\u00e9e au capital de 1.000 \u20ac<br\/>Dont le si\u00e8ge est 47 RUE BOURSAULT, 75017 PARIS<br\/>E-mail : legal@dilectacycles.com<br\/>TVA intra-communautaire : FR3783894143300016<br\/>RCS : 838 941 433 00016<\/p><h4 class=\"wp-block-heading\">Le Directeur de la publication est :<\/h4><p><strong>Monsieur ERIC VANHAVERBEKE<br\/><\/strong>Adresse : 47 RUE BOURSAULT, 75017 PARIS<br\/>E-mail : <a href=\"https:\/\/dilectacycles.com\/en\/contact-us\/\" data-type=\"page\" data-id=\"128\">contactez-nous<\/a><br\/>L\u2019h\u00e9bergement du site internet https:\/\/www.dilectacycles.com est assur\u00e9 par :<br\/>OVH<br\/>Adresse : 2 rue Kellermann \u00e0 Roubaix (59100).<br\/>T\u00e9l : 0 899 498 765<\/p><h4 class=\"wp-block-heading\"><br\/>DONN\u00c9ES \u00c0 CARACT\u00c8RE PERSONNEL<\/h4><p>Pour en savoir plus, rendez-vous sur notre rubrique : <a href=\"https:\/\/dilectacycles.com\/en\/privacy-policy\/\" data-type=\"page\" data-id=\"3\">Politique de confidentialit\u00e9<\/a>.<\/p><h4 class=\"wp-block-heading\">PROPRI\u00c9T\u00c9 INTELLECTUELLE<\/h4><p>Tous les \u00e9l\u00e9ments du site, notamment tous les \u00e9l\u00e9ments graphiques, sonores, textuels, y compris la technologie sous-jacente et la pr\u00e9sentation des produits, sont la propri\u00e9t\u00e9 exclusive de IMSC DILECTA.<br\/>L\u2019internaute s\u2019interdit formellement, en cons\u00e9quence, de proc\u00e9der \u00e0 toute reproduction, repr\u00e9sentation ou diffusion, m\u00eame partielle, de tout \u00e9l\u00e9ment particulier faisant partie int\u00e9grante du site.<br\/>Toutes reproductions et repr\u00e9sentations du site https:\/\/www.dilectacycles.com sont soumises \u00e0 l\u2019accord expr\u00e8s et pr\u00e9alable de IMSC DILECTA.<br\/>Le non-respect de cette obligation constitue une contrefa\u00e7on engageant la responsabilit\u00e9 civile et p\u00e9nale de son auteur.<br\/>De m\u00eame, tout proc\u00e9d\u00e9, relevant notamment de la technique du framing ou du deep-linking est formellement prohib\u00e9, sauf autorisation expresse, sp\u00e9ciale et \u00e9crite d\u00e9livr\u00e9e par IMSC DILECTA.<br\/>La d\u00e9nomination \u00ab DILECTA \u00bb a fait l\u2019objet d\u2019un d\u00e9p\u00f4t de marque aupr\u00e8s l\u2019EUIPO (marque n\u00b0018268170). En cons\u00e9quence, toute reproduction de cette marque, non autoris\u00e9e par IMSC DILECTA, constitue un acte de contrefa\u00e7on susceptible de poursuites p\u00e9nales et civiles.<br\/>L\u2019internaute s\u2019interdit donc de porter toute atteinte \u00e0 la marque \u00ab DILECTA \u00bb. Il est strictement interdit d\u2019utiliser ou de reproduire le nom de DILECTA, \u00e0 quelque titre que ce soit, et sur quelque support que ce soit, sans l\u2019accord pr\u00e9alable et \u00e9crit de IMSC DILECTA.<\/p><h4 class=\"wp-block-heading\">RESPONSABILIT\u00c9 DE IMSC DILECTA<\/h4><p>Les informations communiqu\u00e9es sur le site sont fournies \u00e0 titre indicatif. Elles ne sauraient engager la responsabilit\u00e9 de IMSC DILECTA. Elles peuvent \u00eatre modifi\u00e9es ou mises \u00e0 jour sans pr\u00e9avis.<br\/>La responsabilit\u00e9 de IMSC DILECTA ne saurait \u00eatre engag\u00e9e pour tout dommage, de quelque nature qu\u2019il soit, direct ou indirect, toute omission ou erreur ou impossibilit\u00e9 d\u2019acc\u00e9der au Site.<\/p><h4 class=\"wp-block-heading\">LIENS HYPERTEXTES<\/h4><p>La mise en place de liens hypertextes en direction du site https:\/\/www.dilectacycles.com n\u00e9cessite l\u2019autorisation expresse et pr\u00e9alable de IMSC DILECTA. Il suffit pour cela de s\u2019adresser \u00e0 notre<a href=\"mailto:legal@dilectacycles.com\"> adresse sp\u00e9ciale<\/a>.<\/p><h4 class=\"wp-block-heading\">UTILISATION DES \u00ab COOKIES \u00bb<\/h4><p>Ce site utilise des \u00ab cookies \u00bb pour optimiser votre utilisation du Site.<br\/>Pour en savoir plus, rendez-vous sur notre rubrique <a href=\"https:\/\/dilectacycles.com\/en\/privacy-policy\/\" data-type=\"page\" data-id=\"3\">Politique de confidentialit\u00e9<\/a>.<\/p><div class=\"wp-block-columns alignwide dilecta delete-768 is-layout-flex wp-container-core-columns-is-layout-28f84493 wp-block-columns-is-layout-flex\"><div class=\"wp-block-column is-layout-flow wp-block-column-is-layout-flow\"><div class=\"wp-block-cover aligncenter has-background-dim-80 has-background-dim is-repeated\" style=\"background-image:url(https:\/\/dilectacycles.com\/wp-content\/uploads\/2021\/01\/Dilecta_Collection_AixEnPce_1120_KevinMetallier.jpg);background-color:#9298a8;min-height:100px;background-position:50% 75%;aspect-ratio:unset;\"><div class=\"wp-block-cover__inner-container is-layout-flow wp-block-cover-is-layout-flow\"><p class=\"has-text-align-center has-white-color has-text-color has-large-font-size\"><strong><em>D\u00e9couvrez nos v\u00e9los<\/em><\/strong><\/p>\n\n<div class=\"wp-block-buttons aligncenter dilecta is-layout-flex wp-block-buttons-is-layout-flex\"><div class=\"wp-block-button\"><a class=\"wp-block-button__link\" href=\"https:\/\/dilectacycles.com\/en\/our-bikes\/?lang=en\">La gamme Dilecta<\/a><\/div><\/div><\/div><\/div><\/div>\n\n<div class=\"wp-block-column is-layout-flow wp-block-column-is-layout-flow\"><div class=\"wp-block-cover aligncenter has-background-dim-80 has-background-dim\" style=\"background-image:url(https:\/\/dilectacycles.com\/wp-content\/uploads\/2021\/02\/DILECTA-BLUE.JPEG05-scaled.jpg);background-color:#9298a8;min-height:100px;background-position:50% 45%;aspect-ratio:unset;\"><div class=\"wp-block-cover__inner-container is-layout-flow wp-block-cover-is-layout-flow\"><p class=\"has-text-align-center has-white-color has-text-color has-large-font-size\"><em><strong>Commandez Dilecta <\/strong><\/em><\/p>\n\n<div class=\"wp-block-buttons aligncenter dilecta is-layout-flex wp-block-buttons-is-layout-flex\"><div class=\"wp-block-button\"><a class=\"wp-block-button__link\" href=\"https:\/\/dilectacycles.com\/boutique\/\">Boutique<\/a><\/div><\/div><\/div><\/div><\/div>\n\n<div class=\"wp-block-column is-layout-flow wp-block-column-is-layout-flow\"><div class=\"wp-block-cover aligncenter has-background-dim-80 has-background-dim is-repeated\" style=\"background-image:url(https:\/\/dilectacycles.com\/wp-content\/uploads\/2021\/01\/Team-dilecta.jpg);background-color:#9298a8;min-height:100px;background-position:32% 80%;aspect-ratio:unset;\"><div class=\"wp-block-cover__inner-container is-layout-flow wp-block-cover-is-layout-flow\"><p class=\"has-text-align-center has-white-color has-text-color has-large-font-size\"><strong><em>Une question ?<\/em><\/strong><\/p>\n\n<div class=\"wp-block-buttons aligncenter dilecta is-layout-flex wp-block-buttons-is-layout-flex\"><div class=\"wp-block-button\"><a class=\"wp-block-button__link\" href=\"https:\/\/dilectacycles.com\/en\/contact-us\/?lang=en\">Contactez-nous<\/a><\/div><\/div><\/div><\/div><\/div><\/div>","protected":false},"excerpt":{"rendered":"<p>Mentionsl\u00e9gales IMSC DILECTA Soci\u00e9t\u00e9 par actions simplifi\u00e9e au capital de 1.000 \u20acDont le si\u00e8ge est 47 RUE BOURSAULT, 75017 PARISE-mail : legal@dilectacycles.comTVA intra-communautaire : FR3783894143300016RCS : 838 941 433 00016 Le Directeur de la publication est : Monsieur ERIC VANHAVERBEKEAdresse : 47 RUE BOURSAULT, 75017 PARISE-mail : contactez-nousL\u2019h\u00e9bergement du site internet https:\/\/www.dilectacycles.com est assur\u00e9 par [&hellip;]<\/p>\n","protected":false},"author":1,"featured_media":0,"parent":0,"menu_order":0,"comment_status":"closed","ping_status":"closed","template":"","meta":{"_acf_changed":false,"ub_ctt_via":"","footnotes":""},"class_list":["post-3776","page","type-page","status-publish","hentry"],"featured_image_src":null,"acf":[],"yoast_head":"<!-- This site is optimized with the Yoast SEO plugin v24.5 - https:\/\/yoast.com\/wordpress\/plugins\/seo\/ -->\n<title>Legal notice - DILECTA Cycles<\/title>\n<meta name=\"robots\" content=\"index, follow, max-snippet:-1, max-image-preview:large, max-video-preview:-1\" \/>\n<link rel=\"canonical\" href=\"https:\/\/dilectacycles.com\/en\/legal-notice\/\" \/>\n<meta property=\"og:locale\" content=\"en_US\" \/>\n<meta property=\"og:type\" content=\"article\" \/>\n<meta property=\"og:title\" content=\"Legal notice - DILECTA Cycles\" \/>\n<meta property=\"og:description\" content=\"Mentionsl\u00e9gales IMSC DILECTA Soci\u00e9t\u00e9 par actions simplifi\u00e9e au capital de 1.000 \u20acDont le si\u00e8ge est 47 RUE BOURSAULT, 75017 PARISE-mail : legal@dilectacycles.comTVA intra-communautaire : FR3783894143300016RCS : 838 941 433 00016 Le Directeur de la publication est : Monsieur ERIC VANHAVERBEKEAdresse : 47 RUE BOURSAULT, 75017 PARISE-mail : contactez-nousL\u2019h\u00e9bergement du site internet https:\/\/www.dilectacycles.com est assur\u00e9 par [&hellip;]\" \/>\n<meta property=\"og:url\" content=\"https:\/\/dilectacycles.com\/en\/legal-notice\/\" \/>\n<meta property=\"og:site_name\" content=\"DILECTA Cycles\" \/>\n<meta property=\"article:publisher\" content=\"https:\/\/www.facebook.com\/DILECTA-Cycles-107137331331736\" \/>\n<meta property=\"article:modified_time\" content=\"2022-06-27T12:21:16+00:00\" \/>\n<meta name=\"twitter:card\" content=\"summary_large_image\" \/>\n<meta name=\"twitter:label1\" content=\"Est. reading time\" \/>\n\t<meta name=\"twitter:data1\" content=\"3 minutes\" \/>\n<script type=\"application\/ld+json\" class=\"yoast-schema-graph\">{\"@context\":\"https:\/\/schema.org\",\"@graph\":[{\"@type\":\"WebPage\",\"@id\":\"https:\/\/dilectacycles.com\/en\/legal-notice\/\",\"url\":\"https:\/\/dilectacycles.com\/en\/legal-notice\/\",\"name\":\"Legal notice - DILECTA Cycles\",\"isPartOf\":{\"@id\":\"https:\/\/dilectacycles.com\/en\/#website\"},\"datePublished\":\"2021-06-30T08:42:58+00:00\",\"dateModified\":\"2022-06-27T12:21:16+00:00\",\"breadcrumb\":{\"@id\":\"https:\/\/dilectacycles.com\/en\/legal-notice\/#breadcrumb\"},\"inLanguage\":\"en-US\",\"potentialAction\":[{\"@type\":\"ReadAction\",\"target\":[\"https:\/\/dilectacycles.com\/en\/legal-notice\/\"]}]},{\"@type\":\"BreadcrumbList\",\"@id\":\"https:\/\/dilectacycles.com\/en\/legal-notice\/#breadcrumb\",\"itemListElement\":[{\"@type\":\"ListItem\",\"position\":1,\"name\":\"Accueil\",\"item\":\"https:\/\/dilectacycles.com\/en\/\"},{\"@type\":\"ListItem\",\"position\":2,\"name\":\"Legal notice\"}]},{\"@type\":\"WebSite\",\"@id\":\"https:\/\/dilectacycles.com\/en\/#website\",\"url\":\"https:\/\/dilectacycles.com\/en\/\",\"name\":\"DILECTA Cycles\",\"description\":\"Depuis 1913\",\"publisher\":{\"@id\":\"https:\/\/dilectacycles.com\/en\/#organization\"},\"potentialAction\":[{\"@type\":\"SearchAction\",\"target\":{\"@type\":\"EntryPoint\",\"urlTemplate\":\"https:\/\/dilectacycles.com\/en\/?s={search_term_string}\"},\"query-input\":{\"@type\":\"PropertyValueSpecification\",\"valueRequired\":true,\"valueName\":\"search_term_string\"}}],\"inLanguage\":\"en-US\"},{\"@type\":\"Organization\",\"@id\":\"https:\/\/dilectacycles.com\/en\/#organization\",\"name\":\"DILECTA Cycles\",\"url\":\"https:\/\/dilectacycles.com\/en\/\",\"logo\":{\"@type\":\"ImageObject\",\"inLanguage\":\"en-US\",\"@id\":\"https:\/\/dilectacycles.com\/en\/#\/schema\/logo\/image\/\",\"url\":\"https:\/\/dilectacycles.com\/wp-content\/uploads\/2021\/01\/LogoH.png\",\"contentUrl\":\"https:\/\/dilectacycles.com\/wp-content\/uploads\/2021\/01\/LogoH.png\",\"width\":1563,\"height\":398,\"caption\":\"DILECTA Cycles\"},\"image\":{\"@id\":\"https:\/\/dilectacycles.com\/en\/#\/schema\/logo\/image\/\"},\"sameAs\":[\"https:\/\/www.facebook.com\/DILECTA-Cycles-107137331331736\",\"https:\/\/www.instagram.com\/dilecta_cycles\/\",\"https:\/\/www.linkedin.com\/company\/in-motion-sports-consulting\/\",\"https:\/\/www.youtube.com\/channel\/UChR3Ekn4AnWv3N0AAKKzLiQ\"]}]}<\/script>\n<!-- \/ Yoast SEO plugin. -->","yoast_head_json":{"title":"Legal notice - DILECTA Cycles","robots":{"index":"index","follow":"follow","max-snippet":"max-snippet:-1","max-image-preview":"max-image-preview:large","max-video-preview":"max-video-preview:-1"},"canonical":"https:\/\/dilectacycles.com\/en\/legal-notice\/","og_locale":"en_US","og_type":"article","og_title":"Legal notice - DILECTA Cycles","og_description":"Mentionsl\u00e9gales IMSC DILECTA Soci\u00e9t\u00e9 par actions simplifi\u00e9e au capital de 1.000 \u20acDont le si\u00e8ge est 47 RUE BOURSAULT, 75017 PARISE-mail : legal@dilectacycles.comTVA intra-communautaire : FR3783894143300016RCS : 838 941 433 00016 Le Directeur de la publication est : Monsieur ERIC VANHAVERBEKEAdresse : 47 RUE BOURSAULT, 75017 PARISE-mail : contactez-nousL\u2019h\u00e9bergement du site internet https:\/\/www.dilectacycles.com est assur\u00e9 par [&hellip;]","og_url":"https:\/\/dilectacycles.com\/en\/legal-notice\/","og_site_name":"DILECTA Cycles","article_publisher":"https:\/\/www.facebook.com\/DILECTA-Cycles-107137331331736","article_modified_time":"2022-06-27T12:21:16+00:00","twitter_card":"summary_large_image","twitter_misc":{"Est. reading time":"3 minutes"},"schema":{"@context":"https:\/\/schema.org","@graph":[{"@type":"WebPage","@id":"https:\/\/dilectacycles.com\/en\/legal-notice\/","url":"https:\/\/dilectacycles.com\/en\/legal-notice\/","name":"Legal notice - DILECTA Cycles","isPartOf":{"@id":"https:\/\/dilectacycles.com\/en\/#website"},"datePublished":"2021-06-30T08:42:58+00:00","dateModified":"2022-06-27T12:21:16+00:00","breadcrumb":{"@id":"https:\/\/dilectacycles.com\/en\/legal-notice\/#breadcrumb"},"inLanguage":"en-US","potentialAction":[{"@type":"ReadAction","target":["https:\/\/dilectacycles.com\/en\/legal-notice\/"]}]},{"@type":"BreadcrumbList","@id":"https:\/\/dilectacycles.com\/en\/legal-notice\/#breadcrumb","itemListElement":[{"@type":"ListItem","position":1,"name":"Accueil","item":"https:\/\/dilectacycles.com\/en\/"},{"@type":"ListItem","position":2,"name":"Legal notice"}]},{"@type":"WebSite","@id":"https:\/\/dilectacycles.com\/en\/#website","url":"https:\/\/dilectacycles.com\/en\/","name":"DILECTA Cycles","description":"Depuis 1913","publisher":{"@id":"https:\/\/dilectacycles.com\/en\/#organization"},"potentialAction":[{"@type":"SearchAction","target":{"@type":"EntryPoint","urlTemplate":"https:\/\/dilectacycles.com\/en\/?s={search_term_string}"},"query-input":{"@type":"PropertyValueSpecification","valueRequired":true,"valueName":"search_term_string"}}],"inLanguage":"en-US"},{"@type":"Organization","@id":"https:\/\/dilectacycles.com\/en\/#organization","name":"DILECTA Cycles","url":"https:\/\/dilectacycles.com\/en\/","logo":{"@type":"ImageObject","inLanguage":"en-US","@id":"https:\/\/dilectacycles.com\/en\/#\/schema\/logo\/image\/","url":"https:\/\/dilectacycles.com\/wp-content\/uploads\/2021\/01\/LogoH.png","contentUrl":"https:\/\/dilectacycles.com\/wp-content\/uploads\/2021\/01\/LogoH.png","width":1563,"height":398,"caption":"DILECTA Cycles"},"image":{"@id":"https:\/\/dilectacycles.com\/en\/#\/schema\/logo\/image\/"},"sameAs":["https:\/\/www.facebook.com\/DILECTA-Cycles-107137331331736","https:\/\/www.instagram.com\/dilecta_cycles\/","https:\/\/www.linkedin.com\/company\/in-motion-sports-consulting\/","https:\/\/www.youtube.com\/channel\/UChR3Ekn4AnWv3N0AAKKzLiQ"]}]}},"_links":{"self":[{"href":"https:\/\/dilectacycles.com\/en\/wp-json\/wp\/v2\/pages\/3776","targetHints":{"allow":["GET"]}}],"collection":[{"href":"https:\/\/dilectacycles.com\/en\/wp-json\/wp\/v2\/pages"}],"about":[{"href":"https:\/\/dilectacycles.com\/en\/wp-json\/wp\/v2\/types\/page"}],"author":[{"embeddable":true,"href":"https:\/\/dilectacycles.com\/en\/wp-json\/wp\/v2\/users\/1"}],"replies":[{"embeddable":true,"href":"https:\/\/dilectacycles.com\/en\/wp-json\/wp\/v2\/comments?post=3776"}],"version-history":[{"count":7,"href":"https:\/\/dilectacycles.com\/en\/wp-json\/wp\/v2\/pages\/3776\/revisions"}],"predecessor-version":[{"id":7289,"href":"https:\/\/dilectacycles.com\/en\/wp-json\/wp\/v2\/pages\/3776\/revisions\/7289"}],"wp:attachment":[{"href":"https:\/\/dilectacycles.com\/en\/wp-json\/wp\/v2\/media?parent=3776"}],"curies":[{"name":"wp","href":"https:\/\/api.w.org\/{rel}","templated":true}]}}