{"id":3781,"date":"2021-06-30T10:47:24","date_gmt":"2021-06-30T08:47:24","guid":{"rendered":"https:\/\/dilectacycles.com\/?page_id=3781"},"modified":"2022-06-27T14:20:48","modified_gmt":"2022-06-27T12:20:48","slug":"warranty","status":"publish","type":"page","link":"https:\/\/dilectacycles.com\/en\/warranty\/","title":{"rendered":"Warranty"},"content":{"rendered":"<div class=\"wp-block-cover alignfull\" style=\"min-height:300px;aspect-ratio:unset;\"><img loading=\"lazy\" decoding=\"async\" width=\"1200\" height=\"798\" class=\"wp-block-cover__image-background wp-image-3398\" alt=\"\" src=\"https:\/\/dilectacycles.com\/wp-content\/uploads\/2021\/01\/Nuancier_Dilecta_Tours_0920_KevinMetallier.jpg\" data-object-fit=\"cover\" data-object-position=\"50% 40%\" srcset=\"https:\/\/dilectacycles.com\/wp-content\/uploads\/2021\/01\/Nuancier_Dilecta_Tours_0920_KevinMetallier.jpg 1200w, https:\/\/dilectacycles.com\/wp-content\/uploads\/2021\/01\/Nuancier_Dilecta_Tours_0920_KevinMetallier-324x215.jpg 324w, https:\/\/dilectacycles.com\/wp-content\/uploads\/2021\/01\/Nuancier_Dilecta_Tours_0920_KevinMetallier-416x277.jpg 416w, https:\/\/dilectacycles.com\/wp-content\/uploads\/2021\/01\/Nuancier_Dilecta_Tours_0920_KevinMetallier-300x200.jpg 300w, https:\/\/dilectacycles.com\/wp-content\/uploads\/2021\/01\/Nuancier_Dilecta_Tours_0920_KevinMetallier-1024x681.jpg 1024w, https:\/\/dilectacycles.com\/wp-content\/uploads\/2021\/01\/Nuancier_Dilecta_Tours_0920_KevinMetallier-768x511.jpg 768w\" sizes=\"auto, (max-width: 1200px) 100vw, 1200px\" \/><div class=\"wp-block-cover__inner-container is-layout-flow wp-block-cover-is-layout-flow\"><p class=\"has-text-align-center has-large-font-size\"><\/p><\/div><\/div><div style=\"height:100px\" aria-hidden=\"true\" class=\"wp-block-spacer\"><\/div><h1 class=\"alignwide has-text-align-center wp-block-heading\">Garanties<\/h1><div style=\"height:100px\" aria-hidden=\"true\" class=\"wp-block-spacer\"><\/div><h4 class=\"wp-block-heading\">GARANTIE<\/h4><p><strong>Nos cadres sont garantis \u00e0 vie contre tout d\u00e9faut de fabrication.<br\/><\/strong>La qualit\u00e9 et la fiabilit\u00e9 de nos cadres que nous ma\u00eetrisons de la conception \u00e0 la commercialisation nous permettent de vous proposer une garantie \u00e0 vie gratuite sur les cadres et fourches DILECTA.<br\/>Cette garantie \u00e0 vie est uniquement valable pour le premier acheteur et n\u2019est pas transmissible. Attention, la garantie \u00e0 vie ne s\u2019applique pas sur la peinture et finition, les composants autres que le cadre et la fourche. Dans le cadre de la garantie \u00e0 vie, DILECTA se limite \u00e0 la r\u00e9paration ou \u00e0 l\u2019\u00e9change, \u00e0 la seule discr\u00e9tion de DILECTA, de tout ou partie du produit concern\u00e9.<\/p><h4 class=\"wp-block-heading\">GARANTIE L\u00c9GALE<\/h4><p>DILECTA garantit ses produits contre les non-conformit\u00e9s et contre les vices cach\u00e9s (1) <strong>pour une p\u00e9riode de deux ans (2) \u00e0 compter de la date d\u2019achat.<\/strong> (1) Les vices cach\u00e9s ne concernent que la l\u00e9gislation Fran\u00e7aise. \u00a7 1641 \u00e0 1649 du code civil. (2) Certains pays ou \u00e9tats autorisent une limitation de dur\u00e9e sup\u00e9rieure pour une garantie implicite, et\/ou pour l\u2019exclusion ou la limitation de dommages directs ou cons\u00e9cutifs, ce qui implique que la limite d\u00e9crite ci-dessus ne s\u2019appliquerait pas. Cette garantie limit\u00e9e vous donne des droits l\u00e9gaux sp\u00e9cifiques, mais aussi \u00e9ventuellement d\u2019autres droits, qui varient selon les l\u00e9gislations locales<br\/><br\/>Cette garantie limit\u00e9e ne s\u2019applique pas \u00e0 l\u2019usure normale*, aux pi\u00e8ces qui ont \u00e9t\u00e9 remises en \u00e9tat ou soumises \u00e0 des r\u00e9parations ou des modifications inappropri\u00e9es, ni aux dommages caus\u00e9s par un accident, une utilisation abusive ou inappropri\u00e9e, ou un manque de diligence raisonnable. Parmi les utilisations inappropri\u00e9es rendant la garantie caduque, citons le spinning (v\u00e9lo de salle), le saut, les acrobaties, le cyclisme extr\u00eame et les activit\u00e9s similaires. L\u2019utilisation intensive d\u2019un v\u00e9lo sur home-trainer peut endommager le triangle arri\u00e8re du fait de son blocage fixe. Le seul recours dans le cadre de la garantie limit\u00e9e DILECTA ou toute garantie implicite se limite \u00e0 la r\u00e9paration ou \u00e0 l\u2019\u00e9change, \u00e0 la seule discr\u00e9tion de DILECTA, de tout ou partie du produit concern\u00e9. En aucun cas, DILECTA et ses agents ou distributeurs ne peut \u00eatre tenu pour responsables ni des dommages, directs ou cons\u00e9cutifs, ni de la prise en charge des frais de transport ou d\u2019exp\u00e9dition du produit, que la r\u00e9clamation soit bas\u00e9e sur le contrat, la garantie, une n\u00e9gligence ou la responsabilit\u00e9 du fait des produits, y compris, sans limitation, les pertes ou les dommages li\u00e9s \u00e0 une propri\u00e9t\u00e9 autre que le produit garanti lui-m\u00eame, la perte de l\u2019usage d\u2019un bien ou toute autre perte financi\u00e8re. Quelle qu\u2019en soit la cause, DILECTA\u00a0 ne peut \u00eatre passible d\u2019une quelconque contribution financi\u00e8re ou indemnisation pour un produit. Les droits allou\u00e9s par la garantie et les b\u00e9n\u00e9fices ne peuvent \u00eatre c\u00e9d\u00e9s ni transmis.\u00a0<br\/><br\/>Les obligations de DILECTA sous une garantie quelconque sont limit\u00e9es, selon la plus large acceptation de la loi, \u00e0 celles sp\u00e9cifi\u00e9es dans cette garantie DILECTA.<br\/><br\/>Cette garantie ne s\u2019applique pas aux produits si le produit :<\/p><ul class=\"wp-block-list\"><li>A subi une modification technique et\/ou structurelle, s\u2019il a \u00e9t\u00e9 r\u00e9par\u00e9, repeint hors du site de fabrication DILECTA.<\/li><li>A \u00e9t\u00e9 r\u00e9par\u00e9 et\/ou utilis\u00e9 avec des pi\u00e8ces de rechange non autoris\u00e9es.<\/li><li>Le num\u00e9ro de s\u00e9rie du produit a \u00e9t\u00e9 enlev\u00e9, effac\u00e9, alt\u00e9r\u00e9 ou rendu illisible.<\/li><\/ul><p>Les composants autres mont\u00e9s sur nos v\u00e9los sont soumis aux conditions l\u00e9gales de garantie. Le faire valoir de la garantie d\u2019un des composants doit \u00eatre fait aupr\u00e8s des fabricants ou distributeurs concern\u00e9s. En aucun cas DILECTA ne peut \u00eatre tenu pour responsables des dommages, directs ou indirects, d\u2019un produit non con\u00e7u, fabriqu\u00e9 et commercialis\u00e9 par DILECTA.<\/p><div class=\"wp-block-columns alignwide dilecta delete-768 is-layout-flex wp-container-core-columns-is-layout-28f84493 wp-block-columns-is-layout-flex\"><div class=\"wp-block-column is-layout-flow wp-block-column-is-layout-flow\"><div class=\"wp-block-cover aligncenter has-background-dim-80 has-background-dim is-repeated\" style=\"background-image:url(https:\/\/dilectacycles.com\/wp-content\/uploads\/2021\/01\/Dilecta_Collection_AixEnPce_1120_KevinMetallier.jpg);background-color:#9298a8;min-height:100px;aspect-ratio:unset;\"><div class=\"wp-block-cover__inner-container is-layout-flow wp-block-cover-is-layout-flow\"><p class=\"has-text-align-center has-white-color has-text-color has-large-font-size\"><strong><em>D\u00e9couvrez nos v\u00e9los<\/em><\/strong><\/p>\n\n<div class=\"wp-block-buttons is-content-justification-center dilecta is-layout-flex wp-block-buttons-is-layout-flex\"><div class=\"wp-block-button\"><a class=\"wp-block-button__link\" href=\"https:\/\/dilectacycles.com\/en\/our-bikes\/?lang=en\">La gamme Dilecta<\/a><\/div><\/div><\/div><\/div><\/div>\n\n<div class=\"wp-block-column is-layout-flow wp-block-column-is-layout-flow\"><div class=\"wp-block-cover aligncenter has-background-dim-80 has-background-dim\" style=\"background-color:#9298a8;min-height:100px;aspect-ratio:unset;\"><img loading=\"lazy\" decoding=\"async\" width=\"2560\" height=\"1707\" class=\"wp-block-cover__image-background wp-image-3453\" alt=\"\" src=\"https:\/\/dilectacycles.com\/wp-content\/uploads\/2021\/02\/DILECTA-BLUE.JPEG05-scaled.jpg\" data-object-fit=\"cover\" data-object-position=\"50% 45%\" srcset=\"https:\/\/dilectacycles.com\/wp-content\/uploads\/2021\/02\/DILECTA-BLUE.JPEG05-scaled.jpg 2560w, https:\/\/dilectacycles.com\/wp-content\/uploads\/2021\/02\/DILECTA-BLUE.JPEG05-scaled-324x216.jpg 324w, https:\/\/dilectacycles.com\/wp-content\/uploads\/2021\/02\/DILECTA-BLUE.JPEG05-scaled-416x277.jpg 416w, https:\/\/dilectacycles.com\/wp-content\/uploads\/2021\/02\/DILECTA-BLUE.JPEG05-300x200.jpg 300w, https:\/\/dilectacycles.com\/wp-content\/uploads\/2021\/02\/DILECTA-BLUE.JPEG05-1024x683.jpg 1024w, https:\/\/dilectacycles.com\/wp-content\/uploads\/2021\/02\/DILECTA-BLUE.JPEG05-768x512.jpg 768w, https:\/\/dilectacycles.com\/wp-content\/uploads\/2021\/02\/DILECTA-BLUE.JPEG05-1600x1067.jpg 1600w, https:\/\/dilectacycles.com\/wp-content\/uploads\/2021\/02\/DILECTA-BLUE.JPEG05-1536x1024.jpg 1536w, https:\/\/dilectacycles.com\/wp-content\/uploads\/2021\/02\/DILECTA-BLUE.JPEG05-2048x1365.jpg 2048w\" sizes=\"auto, (max-width: 2560px) 100vw, 2560px\" \/><div class=\"wp-block-cover__inner-container is-layout-flow wp-block-cover-is-layout-flow\"><p class=\"has-text-align-center has-white-color has-text-color has-large-font-size\"><em><strong>Commandez votre Dilecta <\/strong><\/em><\/p>\n\n<div class=\"wp-block-buttons is-content-justification-center dilecta is-layout-flex wp-block-buttons-is-layout-flex\"><div class=\"wp-block-button\"><a class=\"wp-block-button__link\" href=\"https:\/\/dilectacycles.com\/boutique\/\">Boutique<\/a><\/div><\/div><\/div><\/div><\/div>\n\n<div class=\"wp-block-column is-layout-flow wp-block-column-is-layout-flow\"><div class=\"wp-block-cover aligncenter has-background-dim-80 has-background-dim is-repeated\" style=\"background-image:url(https:\/\/dilectacycles.com\/wp-content\/uploads\/2021\/01\/Team-dilecta.jpg);background-color:#9298a8;min-height:100px;aspect-ratio:unset;\"><div class=\"wp-block-cover__inner-container is-layout-flow wp-block-cover-is-layout-flow\"><p class=\"has-text-align-center has-white-color has-text-color has-large-font-size\"><strong><em>Une question ?<\/em><\/strong><\/p>\n\n<div class=\"wp-block-buttons is-content-justification-center dilecta is-layout-flex wp-block-buttons-is-layout-flex\"><div class=\"wp-block-button\"><a class=\"wp-block-button__link\" href=\"https:\/\/dilectacycles.com\/en\/contact-us\/?lang=en\">Contactez-nous<\/a><\/div><\/div><\/div><\/div><\/div><\/div>","protected":false},"excerpt":{"rendered":"<p>Garanties GARANTIE Nos cadres sont garantis \u00e0 vie contre tout d\u00e9faut de fabrication.La qualit\u00e9 et la fiabilit\u00e9 de nos cadres que nous ma\u00eetrisons de la conception \u00e0 la commercialisation nous permettent de vous proposer une garantie \u00e0 vie gratuite sur les cadres et fourches DILECTA.Cette garantie \u00e0 vie est uniquement valable pour le premier acheteur [&hellip;]<\/p>\n","protected":false},"author":1,"featured_media":0,"parent":0,"menu_order":0,"comment_status":"closed","ping_status":"closed","template":"","meta":{"_acf_changed":false,"ub_ctt_via":"","footnotes":""},"class_list":["post-3781","page","type-page","status-publish","hentry"],"featured_image_src":null,"acf":[],"yoast_head":"<!-- This site is optimized with the Yoast SEO plugin v24.5 - https:\/\/yoast.com\/wordpress\/plugins\/seo\/ -->\n<title>Warranty - DILECTA Cycles<\/title>\n<meta name=\"robots\" content=\"index, follow, max-snippet:-1, max-image-preview:large, max-video-preview:-1\" \/>\n<link rel=\"canonical\" href=\"https:\/\/dilectacycles.com\/en\/warranty\/\" \/>\n<meta property=\"og:locale\" content=\"en_US\" \/>\n<meta property=\"og:type\" content=\"article\" \/>\n<meta property=\"og:title\" content=\"Warranty - DILECTA Cycles\" \/>\n<meta property=\"og:description\" content=\"Garanties GARANTIE Nos cadres sont garantis \u00e0 vie contre tout d\u00e9faut de fabrication.La qualit\u00e9 et la fiabilit\u00e9 de nos cadres que nous ma\u00eetrisons de la conception \u00e0 la commercialisation nous permettent de vous proposer une garantie \u00e0 vie gratuite sur les cadres et fourches DILECTA.Cette garantie \u00e0 vie est uniquement valable pour le premier acheteur [&hellip;]\" \/>\n<meta property=\"og:url\" content=\"https:\/\/dilectacycles.com\/en\/warranty\/\" \/>\n<meta property=\"og:site_name\" content=\"DILECTA Cycles\" \/>\n<meta property=\"article:publisher\" content=\"https:\/\/www.facebook.com\/DILECTA-Cycles-107137331331736\" \/>\n<meta property=\"article:modified_time\" content=\"2022-06-27T12:20:48+00:00\" \/>\n<meta property=\"og:image\" content=\"https:\/\/dilectacycles.com\/wp-content\/uploads\/2021\/01\/Nuancier_Dilecta_Tours_0920_KevinMetallier.jpg\" \/>\n<meta name=\"twitter:card\" content=\"summary_large_image\" \/>\n<meta name=\"twitter:label1\" content=\"Est. reading time\" \/>\n\t<meta name=\"twitter:data1\" content=\"3 minutes\" \/>\n<script type=\"application\/ld+json\" class=\"yoast-schema-graph\">{\"@context\":\"https:\/\/schema.org\",\"@graph\":[{\"@type\":\"WebPage\",\"@id\":\"https:\/\/dilectacycles.com\/en\/warranty\/\",\"url\":\"https:\/\/dilectacycles.com\/en\/warranty\/\",\"name\":\"Warranty - DILECTA Cycles\",\"isPartOf\":{\"@id\":\"https:\/\/dilectacycles.com\/en\/#website\"},\"primaryImageOfPage\":{\"@id\":\"https:\/\/dilectacycles.com\/en\/warranty\/#primaryimage\"},\"image\":{\"@id\":\"https:\/\/dilectacycles.com\/en\/warranty\/#primaryimage\"},\"thumbnailUrl\":\"https:\/\/dilectacycles.com\/wp-content\/uploads\/2021\/01\/Nuancier_Dilecta_Tours_0920_KevinMetallier.jpg\",\"datePublished\":\"2021-06-30T08:47:24+00:00\",\"dateModified\":\"2022-06-27T12:20:48+00:00\",\"breadcrumb\":{\"@id\":\"https:\/\/dilectacycles.com\/en\/warranty\/#breadcrumb\"},\"inLanguage\":\"en-US\",\"potentialAction\":[{\"@type\":\"ReadAction\",\"target\":[\"https:\/\/dilectacycles.com\/en\/warranty\/\"]}]},{\"@type\":\"ImageObject\",\"inLanguage\":\"en-US\",\"@id\":\"https:\/\/dilectacycles.com\/en\/warranty\/#primaryimage\",\"url\":\"https:\/\/dilectacycles.com\/wp-content\/uploads\/2021\/01\/Nuancier_Dilecta_Tours_0920_KevinMetallier.jpg\",\"contentUrl\":\"https:\/\/dilectacycles.com\/wp-content\/uploads\/2021\/01\/Nuancier_Dilecta_Tours_0920_KevinMetallier.jpg\"},{\"@type\":\"BreadcrumbList\",\"@id\":\"https:\/\/dilectacycles.com\/en\/warranty\/#breadcrumb\",\"itemListElement\":[{\"@type\":\"ListItem\",\"position\":1,\"name\":\"Accueil\",\"item\":\"https:\/\/dilectacycles.com\/en\/\"},{\"@type\":\"ListItem\",\"position\":2,\"name\":\"Warranty\"}]},{\"@type\":\"WebSite\",\"@id\":\"https:\/\/dilectacycles.com\/en\/#website\",\"url\":\"https:\/\/dilectacycles.com\/en\/\",\"name\":\"DILECTA Cycles\",\"description\":\"Depuis 1913\",\"publisher\":{\"@id\":\"https:\/\/dilectacycles.com\/en\/#organization\"},\"potentialAction\":[{\"@type\":\"SearchAction\",\"target\":{\"@type\":\"EntryPoint\",\"urlTemplate\":\"https:\/\/dilectacycles.com\/en\/?s={search_term_string}\"},\"query-input\":{\"@type\":\"PropertyValueSpecification\",\"valueRequired\":true,\"valueName\":\"search_term_string\"}}],\"inLanguage\":\"en-US\"},{\"@type\":\"Organization\",\"@id\":\"https:\/\/dilectacycles.com\/en\/#organization\",\"name\":\"DILECTA Cycles\",\"url\":\"https:\/\/dilectacycles.com\/en\/\",\"logo\":{\"@type\":\"ImageObject\",\"inLanguage\":\"en-US\",\"@id\":\"https:\/\/dilectacycles.com\/en\/#\/schema\/logo\/image\/\",\"url\":\"https:\/\/dilectacycles.com\/wp-content\/uploads\/2021\/01\/LogoH.png\",\"contentUrl\":\"https:\/\/dilectacycles.com\/wp-content\/uploads\/2021\/01\/LogoH.png\",\"width\":1563,\"height\":398,\"caption\":\"DILECTA Cycles\"},\"image\":{\"@id\":\"https:\/\/dilectacycles.com\/en\/#\/schema\/logo\/image\/\"},\"sameAs\":[\"https:\/\/www.facebook.com\/DILECTA-Cycles-107137331331736\",\"https:\/\/www.instagram.com\/dilecta_cycles\/\",\"https:\/\/www.linkedin.com\/company\/in-motion-sports-consulting\/\",\"https:\/\/www.youtube.com\/channel\/UChR3Ekn4AnWv3N0AAKKzLiQ\"]}]}<\/script>\n<!-- \/ Yoast SEO plugin. -->","yoast_head_json":{"title":"Warranty - DILECTA Cycles","robots":{"index":"index","follow":"follow","max-snippet":"max-snippet:-1","max-image-preview":"max-image-preview:large","max-video-preview":"max-video-preview:-1"},"canonical":"https:\/\/dilectacycles.com\/en\/warranty\/","og_locale":"en_US","og_type":"article","og_title":"Warranty - DILECTA Cycles","og_description":"Garanties GARANTIE Nos cadres sont garantis \u00e0 vie contre tout d\u00e9faut de fabrication.La qualit\u00e9 et la fiabilit\u00e9 de nos cadres que nous ma\u00eetrisons de la conception \u00e0 la commercialisation nous permettent de vous proposer une garantie \u00e0 vie gratuite sur les cadres et fourches DILECTA.Cette garantie \u00e0 vie est uniquement valable pour le premier acheteur [&hellip;]","og_url":"https:\/\/dilectacycles.com\/en\/warranty\/","og_site_name":"DILECTA Cycles","article_publisher":"https:\/\/www.facebook.com\/DILECTA-Cycles-107137331331736","article_modified_time":"2022-06-27T12:20:48+00:00","og_image":[{"url":"https:\/\/dilectacycles.com\/wp-content\/uploads\/2021\/01\/Nuancier_Dilecta_Tours_0920_KevinMetallier.jpg","type":"","width":"","height":""}],"twitter_card":"summary_large_image","twitter_misc":{"Est. reading time":"3 minutes"},"schema":{"@context":"https:\/\/schema.org","@graph":[{"@type":"WebPage","@id":"https:\/\/dilectacycles.com\/en\/warranty\/","url":"https:\/\/dilectacycles.com\/en\/warranty\/","name":"Warranty - DILECTA Cycles","isPartOf":{"@id":"https:\/\/dilectacycles.com\/en\/#website"},"primaryImageOfPage":{"@id":"https:\/\/dilectacycles.com\/en\/warranty\/#primaryimage"},"image":{"@id":"https:\/\/dilectacycles.com\/en\/warranty\/#primaryimage"},"thumbnailUrl":"https:\/\/dilectacycles.com\/wp-content\/uploads\/2021\/01\/Nuancier_Dilecta_Tours_0920_KevinMetallier.jpg","datePublished":"2021-06-30T08:47:24+00:00","dateModified":"2022-06-27T12:20:48+00:00","breadcrumb":{"@id":"https:\/\/dilectacycles.com\/en\/warranty\/#breadcrumb"},"inLanguage":"en-US","potentialAction":[{"@type":"ReadAction","target":["https:\/\/dilectacycles.com\/en\/warranty\/"]}]},{"@type":"ImageObject","inLanguage":"en-US","@id":"https:\/\/dilectacycles.com\/en\/warranty\/#primaryimage","url":"https:\/\/dilectacycles.com\/wp-content\/uploads\/2021\/01\/Nuancier_Dilecta_Tours_0920_KevinMetallier.jpg","contentUrl":"https:\/\/dilectacycles.com\/wp-content\/uploads\/2021\/01\/Nuancier_Dilecta_Tours_0920_KevinMetallier.jpg"},{"@type":"BreadcrumbList","@id":"https:\/\/dilectacycles.com\/en\/warranty\/#breadcrumb","itemListElement":[{"@type":"ListItem","position":1,"name":"Accueil","item":"https:\/\/dilectacycles.com\/en\/"},{"@type":"ListItem","position":2,"name":"Warranty"}]},{"@type":"WebSite","@id":"https:\/\/dilectacycles.com\/en\/#website","url":"https:\/\/dilectacycles.com\/en\/","name":"DILECTA Cycles","description":"Depuis 1913","publisher":{"@id":"https:\/\/dilectacycles.com\/en\/#organization"},"potentialAction":[{"@type":"SearchAction","target":{"@type":"EntryPoint","urlTemplate":"https:\/\/dilectacycles.com\/en\/?s={search_term_string}"},"query-input":{"@type":"PropertyValueSpecification","valueRequired":true,"valueName":"search_term_string"}}],"inLanguage":"en-US"},{"@type":"Organization","@id":"https:\/\/dilectacycles.com\/en\/#organization","name":"DILECTA Cycles","url":"https:\/\/dilectacycles.com\/en\/","logo":{"@type":"ImageObject","inLanguage":"en-US","@id":"https:\/\/dilectacycles.com\/en\/#\/schema\/logo\/image\/","url":"https:\/\/dilectacycles.com\/wp-content\/uploads\/2021\/01\/LogoH.png","contentUrl":"https:\/\/dilectacycles.com\/wp-content\/uploads\/2021\/01\/LogoH.png","width":1563,"height":398,"caption":"DILECTA Cycles"},"image":{"@id":"https:\/\/dilectacycles.com\/en\/#\/schema\/logo\/image\/"},"sameAs":["https:\/\/www.facebook.com\/DILECTA-Cycles-107137331331736","https:\/\/www.instagram.com\/dilecta_cycles\/","https:\/\/www.linkedin.com\/company\/in-motion-sports-consulting\/","https:\/\/www.youtube.com\/channel\/UChR3Ekn4AnWv3N0AAKKzLiQ"]}]}},"_links":{"self":[{"href":"https:\/\/dilectacycles.com\/en\/wp-json\/wp\/v2\/pages\/3781","targetHints":{"allow":["GET"]}}],"collection":[{"href":"https:\/\/dilectacycles.com\/en\/wp-json\/wp\/v2\/pages"}],"about":[{"href":"https:\/\/dilectacycles.com\/en\/wp-json\/wp\/v2\/types\/page"}],"author":[{"embeddable":true,"href":"https:\/\/dilectacycles.com\/en\/wp-json\/wp\/v2\/users\/1"}],"replies":[{"embeddable":true,"href":"https:\/\/dilectacycles.com\/en\/wp-json\/wp\/v2\/comments?post=3781"}],"version-history":[{"count":6,"href":"https:\/\/dilectacycles.com\/en\/wp-json\/wp\/v2\/pages\/3781\/revisions"}],"predecessor-version":[{"id":7284,"href":"https:\/\/dilectacycles.com\/en\/wp-json\/wp\/v2\/pages\/3781\/revisions\/7284"}],"wp:attachment":[{"href":"https:\/\/dilectacycles.com\/en\/wp-json\/wp\/v2\/media?parent=3781"}],"curies":[{"name":"wp","href":"https:\/\/api.w.org\/{rel}","templated":true}]}}