{"id":14975,"date":"2024-03-05T14:40:51","date_gmt":"2024-03-05T13:40:51","guid":{"rendered":"https:\/\/dilectacycles.com\/?post_type=product&#038;p=14975"},"modified":"2024-10-14T18:44:30","modified_gmt":"2024-10-14T16:44:30","slug":"forcat-al-sram-rival-e-tap-axs-et-roues-fulcrum-rapid-red-3","status":"publish","type":"product","link":"https:\/\/dilectacycles.com\/en\/produit\/forcat-al-sram-rival-e-tap-axs-et-roues-fulcrum-rapid-red-3\/","title":{"rendered":"For\u00e7at AL &#8211; SRAM RIVAL E-TAP AXS et roues FULCRUM RAPID RED 3"},"content":{"rendered":"<h4 class=\"wp-block-heading\">\u00ab La polyvalence \u00e0 l\u2019\u00e9tat pur \u00bb<\/h4><p>D\u00e9couvrez la g\u00e9om\u00e9trie et l\u2019ADN de notre gravel For\u00e7at dans une version en aluminium 7005 sans compromis.<br>Notre For\u00e7at AL a \u00e9t\u00e9 pens\u00e9 pour \u00eatre facile d\u2019entretien, simple, efficace et utilise ainsi des standards \u00e9prouv\u00e9s.<br>Il est le compagnon id\u00e9al pour les aventuriers du quotidien et les voyageurs au long cours.<\/p><h4 class=\"wp-block-heading\">Fait en Italie <\/h4><p>Fabriqu\u00e9 par les meilleurs artisans italiens en V\u00e9n\u00e9tie, notre nouveau cadre For\u00e7at AL est r\u00e9alis\u00e9 \u00e0 l\u2019unit\u00e9 avec une finition soign\u00e9e et disponible dans 6 couleurs au choix.<br>Cette nouvelle d\u00e9clinaison de notre best-seller tout-terrain utilise des tubes Dedacciai Fire Competition Light 7005 Series \u00e0 la fois l\u00e9gers, r\u00e9actifs et robustes.<\/p><h4 class=\"wp-block-heading\">Fourche carbone <\/h4><p>Le cadre For\u00e7at Aluminium Fire Light est associ\u00e9 \u00e0 une fourche carbone conique, ajoutant l\u00e9g\u00e8ret\u00e9 et rigidit\u00e9 \u00e0 l\u2019ensemble.<\/p><h4 class=\"wp-block-heading\">Points d&#8217;ancrage <\/h4><p>Comme son cousin en acier, cadre et fourche sont \u00e9quip\u00e9s de nombreux oeillets de fixations vous permettant une capacit\u00e9 de chargement maximale.<\/p><h4 class=\"wp-block-heading\">Compatible 29&#8243; et 27,5&#8243;<\/h4><p>Polyvalent, le nouveau For\u00e7at AL accepte des pneus jusqu\u2019\u00e0 700&#215;47 et 650&#215;50.<br>Des sections g\u00e9n\u00e9reuses qui vous permettront une pratique du gravel et du bikepacking sur des terrains vari\u00e9s et des itin\u00e9raires engag\u00e9s.<\/p>","protected":false},"excerpt":{"rendered":"<h4><em>La polyvalence \u00e0 l\u2019\u00e9tat pur<\/em><\/h4>\n<p>For\u00e7at AL est le compagnon id\u00e9al pour les aventuriers du quotidien et les voyageurs au long cours.<\/p>\n<p>Tout savoir sur <a href=\"https:\/\/dilectacycles.com\/delais-et-livraisons\/\">nos d\u00e9lais de fabrication et de livraison<\/a>.<\/p>\n","protected":false},"featured_media":16766,"template":"","meta":{"_acf_changed":false,"ub_ctt_via":""},"product_brand":[],"product_cat":[21,38,22],"product_tag":[206,202],"class_list":{"0":"post-14975","1":"product","2":"type-product","3":"status-publish","4":"has-post-thumbnail","6":"product_cat-cycle","7":"product_cat-forcat","8":"product_cat-velo-complet","9":"product_tag-forcat-al-2","10":"product_tag-forcat-al-complet","11":"product_shipping_class-velos-complets","13":"first","14":"onbackorder","15":"taxable","16":"shipping-taxable","17":"purchasable","18":"product-type-variable","19":"has-default-attributes"},"acf":[],"yoast_head":"<!-- This site is optimized with the Yoast SEO plugin v24.5 - https:\/\/yoast.com\/wordpress\/plugins\/seo\/ -->\n<title>For\u00e7at AL - SRAM RIVAL E-TAP AXS et roues FULCRUM RAPID RED 3 - DILECTA Cycles<\/title>\n<meta name=\"robots\" content=\"index, follow, max-snippet:-1, max-image-preview:large, max-video-preview:-1\" \/>\n<link rel=\"canonical\" href=\"https:\/\/dilectacycles.com\/produit\/forcat-al-sram-rival-e-tap-axs-et-roues-fulcrum-rapid-red-3\/\" \/>\n<meta property=\"og:locale\" content=\"en_US\" \/>\n<meta property=\"og:type\" content=\"article\" \/>\n<meta property=\"og:title\" content=\"For\u00e7at AL - SRAM RIVAL E-TAP AXS et roues FULCRUM RAPID RED 3 - DILECTA Cycles\" \/>\n<meta property=\"og:description\" content=\"La polyvalence \u00e0 l\u2019\u00e9tat pur For\u00e7at AL est le compagnon id\u00e9al pour les aventuriers du quotidien et les voyageurs au long cours. Tout savoir sur nos d\u00e9lais de fabrication et de livraison.\" \/>\n<meta property=\"og:url\" content=\"https:\/\/dilectacycles.com\/produit\/forcat-al-sram-rival-e-tap-axs-et-roues-fulcrum-rapid-red-3\/\" \/>\n<meta property=\"og:site_name\" content=\"DILECTA Cycles\" \/>\n<meta property=\"article:publisher\" content=\"https:\/\/www.facebook.com\/DILECTA-Cycles-107137331331736\" \/>\n<meta property=\"article:modified_time\" content=\"2024-10-14T16:44:30+00:00\" \/>\n<meta property=\"og:image\" content=\"https:\/\/dilectacycles.com\/wp-content\/uploads\/2024\/06\/V2-RougeBordeaux-RAL3005-veloForcatAL-DILECTA-0624-scaled.jpg\" \/>\n\t<meta property=\"og:image:width\" content=\"2560\" \/>\n\t<meta property=\"og:image:height\" content=\"1707\" \/>\n\t<meta property=\"og:image:type\" content=\"image\/jpeg\" \/>\n<meta name=\"twitter:card\" content=\"summary_large_image\" \/>\n<meta name=\"twitter:label1\" content=\"Est. reading time\" \/>\n\t<meta name=\"twitter:data1\" content=\"2 minutes\" \/>\n<script type=\"application\/ld+json\" class=\"yoast-schema-graph\">{\"@context\":\"https:\/\/schema.org\",\"@graph\":[{\"@type\":\"WebPage\",\"@id\":\"https:\/\/dilectacycles.com\/produit\/forcat-al-sram-rival-e-tap-axs-et-roues-fulcrum-rapid-red-3\/\",\"url\":\"https:\/\/dilectacycles.com\/produit\/forcat-al-sram-rival-e-tap-axs-et-roues-fulcrum-rapid-red-3\/\",\"name\":\"For\u00e7at AL - SRAM RIVAL E-TAP AXS et roues FULCRUM RAPID RED 3 - DILECTA Cycles\",\"isPartOf\":{\"@id\":\"https:\/\/dilectacycles.com\/en\/#website\"},\"primaryImageOfPage\":{\"@id\":\"https:\/\/dilectacycles.com\/produit\/forcat-al-sram-rival-e-tap-axs-et-roues-fulcrum-rapid-red-3\/#primaryimage\"},\"image\":{\"@id\":\"https:\/\/dilectacycles.com\/produit\/forcat-al-sram-rival-e-tap-axs-et-roues-fulcrum-rapid-red-3\/#primaryimage\"},\"thumbnailUrl\":\"https:\/\/dilectacycles.com\/wp-content\/uploads\/2024\/06\/V2-RougeBordeaux-RAL3005-veloForcatAL-DILECTA-0624-scaled.jpg\",\"datePublished\":\"2024-03-05T13:40:51+00:00\",\"dateModified\":\"2024-10-14T16:44:30+00:00\",\"breadcrumb\":{\"@id\":\"https:\/\/dilectacycles.com\/produit\/forcat-al-sram-rival-e-tap-axs-et-roues-fulcrum-rapid-red-3\/#breadcrumb\"},\"inLanguage\":\"en-US\",\"potentialAction\":[{\"@type\":\"ReadAction\",\"target\":[\"https:\/\/dilectacycles.com\/produit\/forcat-al-sram-rival-e-tap-axs-et-roues-fulcrum-rapid-red-3\/\"]}]},{\"@type\":\"ImageObject\",\"inLanguage\":\"en-US\",\"@id\":\"https:\/\/dilectacycles.com\/produit\/forcat-al-sram-rival-e-tap-axs-et-roues-fulcrum-rapid-red-3\/#primaryimage\",\"url\":\"https:\/\/dilectacycles.com\/wp-content\/uploads\/2024\/06\/V2-RougeBordeaux-RAL3005-veloForcatAL-DILECTA-0624-scaled.jpg\",\"contentUrl\":\"https:\/\/dilectacycles.com\/wp-content\/uploads\/2024\/06\/V2-RougeBordeaux-RAL3005-veloForcatAL-DILECTA-0624-scaled.jpg\",\"width\":2560,\"height\":1707},{\"@type\":\"BreadcrumbList\",\"@id\":\"https:\/\/dilectacycles.com\/produit\/forcat-al-sram-rival-e-tap-axs-et-roues-fulcrum-rapid-red-3\/#breadcrumb\",\"itemListElement\":[{\"@type\":\"ListItem\",\"position\":1,\"name\":\"Accueil\",\"item\":\"https:\/\/dilectacycles.com\/en\/\"},{\"@type\":\"ListItem\",\"position\":2,\"name\":\"Shop\",\"item\":\"https:\/\/dilectacycles.com\/en\/shop\/\"},{\"@type\":\"ListItem\",\"position\":3,\"name\":\"For\u00e7at AL &#8211; SRAM RIVAL E-TAP AXS et roues FULCRUM RAPID RED 3\"}]},{\"@type\":\"WebSite\",\"@id\":\"https:\/\/dilectacycles.com\/en\/#website\",\"url\":\"https:\/\/dilectacycles.com\/en\/\",\"name\":\"DILECTA Cycles\",\"description\":\"Depuis 1913\",\"publisher\":{\"@id\":\"https:\/\/dilectacycles.com\/en\/#organization\"},\"potentialAction\":[{\"@type\":\"SearchAction\",\"target\":{\"@type\":\"EntryPoint\",\"urlTemplate\":\"https:\/\/dilectacycles.com\/en\/?s={search_term_string}\"},\"query-input\":{\"@type\":\"PropertyValueSpecification\",\"valueRequired\":true,\"valueName\":\"search_term_string\"}}],\"inLanguage\":\"en-US\"},{\"@type\":\"Organization\",\"@id\":\"https:\/\/dilectacycles.com\/en\/#organization\",\"name\":\"DILECTA Cycles\",\"url\":\"https:\/\/dilectacycles.com\/en\/\",\"logo\":{\"@type\":\"ImageObject\",\"inLanguage\":\"en-US\",\"@id\":\"https:\/\/dilectacycles.com\/en\/#\/schema\/logo\/image\/\",\"url\":\"https:\/\/dilectacycles.com\/wp-content\/uploads\/2021\/01\/LogoH.png\",\"contentUrl\":\"https:\/\/dilectacycles.com\/wp-content\/uploads\/2021\/01\/LogoH.png\",\"width\":1563,\"height\":398,\"caption\":\"DILECTA Cycles\"},\"image\":{\"@id\":\"https:\/\/dilectacycles.com\/en\/#\/schema\/logo\/image\/\"},\"sameAs\":[\"https:\/\/www.facebook.com\/DILECTA-Cycles-107137331331736\",\"https:\/\/www.instagram.com\/dilecta_cycles\/\",\"https:\/\/www.linkedin.com\/company\/in-motion-sports-consulting\/\",\"https:\/\/www.youtube.com\/channel\/UChR3Ekn4AnWv3N0AAKKzLiQ\"]}]}<\/script>\n<!-- \/ Yoast SEO plugin. -->","yoast_head_json":{"title":"For\u00e7at AL - SRAM RIVAL E-TAP AXS et roues FULCRUM RAPID RED 3 - DILECTA Cycles","robots":{"index":"index","follow":"follow","max-snippet":"max-snippet:-1","max-image-preview":"max-image-preview:large","max-video-preview":"max-video-preview:-1"},"canonical":"https:\/\/dilectacycles.com\/produit\/forcat-al-sram-rival-e-tap-axs-et-roues-fulcrum-rapid-red-3\/","og_locale":"en_US","og_type":"article","og_title":"For\u00e7at AL - SRAM RIVAL E-TAP AXS et roues FULCRUM RAPID RED 3 - DILECTA Cycles","og_description":"La polyvalence \u00e0 l\u2019\u00e9tat pur For\u00e7at AL est le compagnon id\u00e9al pour les aventuriers du quotidien et les voyageurs au long cours. Tout savoir sur nos d\u00e9lais de fabrication et de livraison.","og_url":"https:\/\/dilectacycles.com\/produit\/forcat-al-sram-rival-e-tap-axs-et-roues-fulcrum-rapid-red-3\/","og_site_name":"DILECTA Cycles","article_publisher":"https:\/\/www.facebook.com\/DILECTA-Cycles-107137331331736","article_modified_time":"2024-10-14T16:44:30+00:00","og_image":[{"width":2560,"height":1707,"url":"https:\/\/dilectacycles.com\/wp-content\/uploads\/2024\/06\/V2-RougeBordeaux-RAL3005-veloForcatAL-DILECTA-0624-scaled.jpg","type":"image\/jpeg"}],"twitter_card":"summary_large_image","twitter_misc":{"Est. reading time":"2 minutes"},"schema":{"@context":"https:\/\/schema.org","@graph":[{"@type":"WebPage","@id":"https:\/\/dilectacycles.com\/produit\/forcat-al-sram-rival-e-tap-axs-et-roues-fulcrum-rapid-red-3\/","url":"https:\/\/dilectacycles.com\/produit\/forcat-al-sram-rival-e-tap-axs-et-roues-fulcrum-rapid-red-3\/","name":"For\u00e7at AL - SRAM RIVAL E-TAP AXS et roues FULCRUM RAPID RED 3 - DILECTA Cycles","isPartOf":{"@id":"https:\/\/dilectacycles.com\/en\/#website"},"primaryImageOfPage":{"@id":"https:\/\/dilectacycles.com\/produit\/forcat-al-sram-rival-e-tap-axs-et-roues-fulcrum-rapid-red-3\/#primaryimage"},"image":{"@id":"https:\/\/dilectacycles.com\/produit\/forcat-al-sram-rival-e-tap-axs-et-roues-fulcrum-rapid-red-3\/#primaryimage"},"thumbnailUrl":"https:\/\/dilectacycles.com\/wp-content\/uploads\/2024\/06\/V2-RougeBordeaux-RAL3005-veloForcatAL-DILECTA-0624-scaled.jpg","datePublished":"2024-03-05T13:40:51+00:00","dateModified":"2024-10-14T16:44:30+00:00","breadcrumb":{"@id":"https:\/\/dilectacycles.com\/produit\/forcat-al-sram-rival-e-tap-axs-et-roues-fulcrum-rapid-red-3\/#breadcrumb"},"inLanguage":"en-US","potentialAction":[{"@type":"ReadAction","target":["https:\/\/dilectacycles.com\/produit\/forcat-al-sram-rival-e-tap-axs-et-roues-fulcrum-rapid-red-3\/"]}]},{"@type":"ImageObject","inLanguage":"en-US","@id":"https:\/\/dilectacycles.com\/produit\/forcat-al-sram-rival-e-tap-axs-et-roues-fulcrum-rapid-red-3\/#primaryimage","url":"https:\/\/dilectacycles.com\/wp-content\/uploads\/2024\/06\/V2-RougeBordeaux-RAL3005-veloForcatAL-DILECTA-0624-scaled.jpg","contentUrl":"https:\/\/dilectacycles.com\/wp-content\/uploads\/2024\/06\/V2-RougeBordeaux-RAL3005-veloForcatAL-DILECTA-0624-scaled.jpg","width":2560,"height":1707},{"@type":"BreadcrumbList","@id":"https:\/\/dilectacycles.com\/produit\/forcat-al-sram-rival-e-tap-axs-et-roues-fulcrum-rapid-red-3\/#breadcrumb","itemListElement":[{"@type":"ListItem","position":1,"name":"Accueil","item":"https:\/\/dilectacycles.com\/en\/"},{"@type":"ListItem","position":2,"name":"Shop","item":"https:\/\/dilectacycles.com\/en\/shop\/"},{"@type":"ListItem","position":3,"name":"For\u00e7at AL &#8211; SRAM RIVAL E-TAP AXS et roues FULCRUM RAPID RED 3"}]},{"@type":"WebSite","@id":"https:\/\/dilectacycles.com\/en\/#website","url":"https:\/\/dilectacycles.com\/en\/","name":"DILECTA Cycles","description":"Depuis 1913","publisher":{"@id":"https:\/\/dilectacycles.com\/en\/#organization"},"potentialAction":[{"@type":"SearchAction","target":{"@type":"EntryPoint","urlTemplate":"https:\/\/dilectacycles.com\/en\/?s={search_term_string}"},"query-input":{"@type":"PropertyValueSpecification","valueRequired":true,"valueName":"search_term_string"}}],"inLanguage":"en-US"},{"@type":"Organization","@id":"https:\/\/dilectacycles.com\/en\/#organization","name":"DILECTA Cycles","url":"https:\/\/dilectacycles.com\/en\/","logo":{"@type":"ImageObject","inLanguage":"en-US","@id":"https:\/\/dilectacycles.com\/en\/#\/schema\/logo\/image\/","url":"https:\/\/dilectacycles.com\/wp-content\/uploads\/2021\/01\/LogoH.png","contentUrl":"https:\/\/dilectacycles.com\/wp-content\/uploads\/2021\/01\/LogoH.png","width":1563,"height":398,"caption":"DILECTA Cycles"},"image":{"@id":"https:\/\/dilectacycles.com\/en\/#\/schema\/logo\/image\/"},"sameAs":["https:\/\/www.facebook.com\/DILECTA-Cycles-107137331331736","https:\/\/www.instagram.com\/dilecta_cycles\/","https:\/\/www.linkedin.com\/company\/in-motion-sports-consulting\/","https:\/\/www.youtube.com\/channel\/UChR3Ekn4AnWv3N0AAKKzLiQ"]}]}},"_links":{"self":[{"href":"https:\/\/dilectacycles.com\/en\/wp-json\/wp\/v2\/product\/14975","targetHints":{"allow":["GET"]}}],"collection":[{"href":"https:\/\/dilectacycles.com\/en\/wp-json\/wp\/v2\/product"}],"about":[{"href":"https:\/\/dilectacycles.com\/en\/wp-json\/wp\/v2\/types\/product"}],"wp:featuredmedia":[{"embeddable":true,"href":"https:\/\/dilectacycles.com\/en\/wp-json\/wp\/v2\/media\/16766"}],"wp:attachment":[{"href":"https:\/\/dilectacycles.com\/en\/wp-json\/wp\/v2\/media?parent=14975"}],"wp:term":[{"taxonomy":"product_brand","embeddable":true,"href":"https:\/\/dilectacycles.com\/en\/wp-json\/wp\/v2\/product_brand?post=14975"},{"taxonomy":"product_cat","embeddable":true,"href":"https:\/\/dilectacycles.com\/en\/wp-json\/wp\/v2\/product_cat?post=14975"},{"taxonomy":"product_tag","embeddable":true,"href":"https:\/\/dilectacycles.com\/en\/wp-json\/wp\/v2\/product_tag?post=14975"}],"curies":[{"name":"wp","href":"https:\/\/api.w.org\/{rel}","templated":true}]}}