{"id":17939,"date":"2024-08-11T11:19:16","date_gmt":"2024-08-11T09:19:16","guid":{"rendered":"https:\/\/dilectacycles.com\/?post_type=product&#038;p=17939"},"modified":"2024-08-19T16:41:50","modified_gmt":"2024-08-19T14:41:50","slug":"grammont-avec-cockpit-sram-force-et-roues-mavic-cosmic-sl-45","status":"publish","type":"product","link":"https:\/\/dilectacycles.com\/en\/produit\/grammont-avec-cockpit-sram-force-et-roues-mavic-cosmic-sl-45\/","title":{"rendered":"Grammont avec cockpit &#8211; SRAM FORCE et roues MAVIC COSMIC SL 45"},"content":{"rendered":"<h3 class=\"wp-block-heading wp-embed-aspect-16-9 wp-has-aspect-ratio\">Notre v\u00e9lo de route Carbone<\/h3><p class=\"wp-embed-aspect-16-9 wp-has-aspect-ratio\">Le nom GRAMMONT fait r\u00e9f\u00e9rence aux multiples victoires (7) glan\u00e9es par l\u2019\u00e9quipe DILECTA sur le Tour des Flandres et son mythique mur, tout comme \u00e0 la c\u00e9l\u00e8bre avenue de Grammont du Paris-Tours \u00e0 proximit\u00e9 de laquelle se trouvait l\u2019atelier DILECTA qui fabriquait les cadres sur mesure \u00e0 partir de 1937.<\/p><p class=\"wp-embed-aspect-16-9 wp-has-aspect-ratio\">Le mod\u00e8le GRAMMONT est destin\u00e9 aux cyclosportifs et coursiers \u00e0 la recherche d\u2019un v\u00e9lo \u00e9quilibr\u00e9, l\u00e9ger et performant.<\/p><p class=\"wp-embed-aspect-16-9 wp-has-aspect-ratio\">Dot\u00e9 d\u2019un cadre et fourche monocoque carbone avec fibres HM (830 gr en taille XS), le GRAMMONT offre un ch\u00e2ssis rigide qui lui conf\u00e8re un rendement optimal, particuli\u00e8rement \u00e0 l\u2019aise sur les parcours plats et vallonn\u00e9s mais aussi en Montagne avec des roues \u00e0 profil bas.<\/p><p class=\"wp-embed-aspect-16-9 wp-has-aspect-ratio\">Le GRAMMONT est un v\u00e9lo facile \u00e0 emmener, efficace, maniable, \u00e0 l\u2019aise sur les c\u00f4tes et faux plats, r\u00e9actif sur les acc\u00e9l\u00e9rations et les relances qui r\u00e9pond pr\u00e9sent lorsque vous mettez du braquet.<\/p><div style=\"height:40px\" aria-hidden=\"true\" class=\"wp-block-spacer wp-embed-aspect-16-9 wp-has-aspect-ratio\"><\/div><div class=\"wp-block-columns is-layout-flex wp-container-core-columns-is-layout-28f84493 wp-block-columns-is-layout-flex\"><div class=\"wp-block-column is-layout-flow wp-block-column-is-layout-flow\"><h3 class=\"wp-block-heading wp-embed-aspect-16-9 wp-has-aspect-ratio\">G\u00e9om\u00e9trie <\/h3>\n\n<p>Sa g\u00e9om\u00e9trie classique, ses tubes de formes rondes avec ar\u00eates, sa tige de selle Carbone en D, une int\u00e9gration totale des cables et des haubans surbaiss\u00e9s lui conf\u00e8rent une identit\u00e9 unique, moderne et \u00e9l\u00e9gante.<\/p>\n\n<p>La composition carbone T700\/T800 avec fibres HM nous permet de construire un cadre l\u00e9ger associ\u00e9 \u00e0 une g\u00e9om\u00e9trie DILECTA orient\u00e9e performance, qui vous assure le mariage parfait rigidit\u00e9 &amp; rendement sans \u00eatre trop exigeant.<\/p><\/div>\n\n<div class=\"wp-block-column is-layout-flow wp-block-column-is-layout-flow\"><h3 class=\"wp-block-heading wp-embed-aspect-16-9 wp-has-aspect-ratio\">Finition<\/h3>\n\n<p>Des lignes tendues, un design sobre et \u00e9l\u00e9gant font de ce DILECTA GRAMMONT un v\u00e9lo de route unique \u00e0 la fran\u00e7aise.<\/p>\n\n<p>Le montage et la finition peinture sont r\u00e9alis\u00e9s en France.<\/p>\n\n<p>Profitez de notre programme FLAMME ROUGE pour choisir la couleur et la finition de votre choix : monocouleur, bicolore ou tricolore (+300 \u20ac).<\/p><\/div><\/div>","protected":false},"excerpt":{"rendered":"<p>Notre v\u00e9lo de route Carbone Le nom GRAMMONT fait r\u00e9f\u00e9rence aux multiples victoires (7) glan\u00e9es par l\u2019\u00e9quipe DILECTA sur le Tour des Flandres et son mythique mur, tout comme \u00e0 la c\u00e9l\u00e8bre avenue de Grammont du Paris-Tours \u00e0 proximit\u00e9 de laquelle se trouvait l\u2019atelier DILECTA qui fabriquait les cadres sur mesure \u00e0 partir de 1937. [&hellip;]<\/p>\n","protected":false},"featured_media":18243,"template":"","meta":{"_acf_changed":false,"ub_ctt_via":""},"product_brand":[],"product_cat":[21,209,22],"product_tag":[210,211],"class_list":{"0":"post-17939","1":"product","2":"type-product","3":"status-publish","4":"has-post-thumbnail","6":"product_cat-cycle","7":"product_cat-grammont","8":"product_cat-velo-complet","9":"product_tag-grammont","10":"product_tag-grammont-complet","11":"product_shipping_class-velos-complets","13":"first","14":"onbackorder","15":"taxable","16":"shipping-taxable","17":"purchasable","18":"product-type-variable","19":"has-default-attributes"},"acf":[],"yoast_head":"<!-- This site is optimized with the Yoast SEO plugin v24.5 - https:\/\/yoast.com\/wordpress\/plugins\/seo\/ -->\n<title>Grammont avec cockpit - SRAM FORCE et roues MAVIC COSMIC SL 45 - DILECTA Cycles<\/title>\n<meta name=\"robots\" content=\"index, follow, max-snippet:-1, max-image-preview:large, max-video-preview:-1\" \/>\n<link rel=\"canonical\" href=\"https:\/\/dilectacycles.com\/produit\/grammont-avec-cockpit-sram-force-et-roues-mavic-cosmic-sl-45\/\" \/>\n<meta property=\"og:locale\" content=\"en_US\" \/>\n<meta property=\"og:type\" content=\"article\" \/>\n<meta property=\"og:title\" content=\"Grammont avec cockpit - SRAM FORCE et roues MAVIC COSMIC SL 45 - DILECTA Cycles\" \/>\n<meta property=\"og:description\" content=\"Notre v\u00e9lo de route Carbone Le nom GRAMMONT fait r\u00e9f\u00e9rence aux multiples victoires (7) glan\u00e9es par l\u2019\u00e9quipe DILECTA sur le Tour des Flandres et son mythique mur, tout comme \u00e0 la c\u00e9l\u00e8bre avenue de Grammont du Paris-Tours \u00e0 proximit\u00e9 de laquelle se trouvait l\u2019atelier DILECTA qui fabriquait les cadres sur mesure \u00e0 partir de 1937. [&hellip;]\" \/>\n<meta property=\"og:url\" content=\"https:\/\/dilectacycles.com\/produit\/grammont-avec-cockpit-sram-force-et-roues-mavic-cosmic-sl-45\/\" \/>\n<meta property=\"og:site_name\" content=\"DILECTA Cycles\" \/>\n<meta property=\"article:publisher\" content=\"https:\/\/www.facebook.com\/DILECTA-Cycles-107137331331736\" \/>\n<meta property=\"article:modified_time\" content=\"2024-08-19T14:41:50+00:00\" \/>\n<meta property=\"og:image\" content=\"https:\/\/dilectacycles.com\/wp-content\/uploads\/2024\/08\/grammont-complet-noir-DILECTA-0824-scaled.jpg\" \/>\n\t<meta property=\"og:image:width\" content=\"2560\" \/>\n\t<meta property=\"og:image:height\" content=\"1707\" \/>\n\t<meta property=\"og:image:type\" content=\"image\/jpeg\" \/>\n<meta name=\"twitter:card\" content=\"summary_large_image\" \/>\n<meta name=\"twitter:label1\" content=\"Est. reading time\" \/>\n\t<meta name=\"twitter:data1\" content=\"2 minutes\" \/>\n<script type=\"application\/ld+json\" class=\"yoast-schema-graph\">{\"@context\":\"https:\/\/schema.org\",\"@graph\":[{\"@type\":\"WebPage\",\"@id\":\"https:\/\/dilectacycles.com\/produit\/grammont-avec-cockpit-sram-force-et-roues-mavic-cosmic-sl-45\/\",\"url\":\"https:\/\/dilectacycles.com\/produit\/grammont-avec-cockpit-sram-force-et-roues-mavic-cosmic-sl-45\/\",\"name\":\"Grammont avec cockpit - SRAM FORCE et roues MAVIC COSMIC SL 45 - DILECTA Cycles\",\"isPartOf\":{\"@id\":\"https:\/\/dilectacycles.com\/en\/#website\"},\"primaryImageOfPage\":{\"@id\":\"https:\/\/dilectacycles.com\/produit\/grammont-avec-cockpit-sram-force-et-roues-mavic-cosmic-sl-45\/#primaryimage\"},\"image\":{\"@id\":\"https:\/\/dilectacycles.com\/produit\/grammont-avec-cockpit-sram-force-et-roues-mavic-cosmic-sl-45\/#primaryimage\"},\"thumbnailUrl\":\"https:\/\/dilectacycles.com\/wp-content\/uploads\/2024\/08\/grammont-complet-noir-DILECTA-0824-scaled.jpg\",\"datePublished\":\"2024-08-11T09:19:16+00:00\",\"dateModified\":\"2024-08-19T14:41:50+00:00\",\"breadcrumb\":{\"@id\":\"https:\/\/dilectacycles.com\/produit\/grammont-avec-cockpit-sram-force-et-roues-mavic-cosmic-sl-45\/#breadcrumb\"},\"inLanguage\":\"en-US\",\"potentialAction\":[{\"@type\":\"ReadAction\",\"target\":[\"https:\/\/dilectacycles.com\/produit\/grammont-avec-cockpit-sram-force-et-roues-mavic-cosmic-sl-45\/\"]}]},{\"@type\":\"ImageObject\",\"inLanguage\":\"en-US\",\"@id\":\"https:\/\/dilectacycles.com\/produit\/grammont-avec-cockpit-sram-force-et-roues-mavic-cosmic-sl-45\/#primaryimage\",\"url\":\"https:\/\/dilectacycles.com\/wp-content\/uploads\/2024\/08\/grammont-complet-noir-DILECTA-0824-scaled.jpg\",\"contentUrl\":\"https:\/\/dilectacycles.com\/wp-content\/uploads\/2024\/08\/grammont-complet-noir-DILECTA-0824-scaled.jpg\",\"width\":2560,\"height\":1707,\"caption\":\"V\u00e9lo Dilecta grammont carbone\"},{\"@type\":\"BreadcrumbList\",\"@id\":\"https:\/\/dilectacycles.com\/produit\/grammont-avec-cockpit-sram-force-et-roues-mavic-cosmic-sl-45\/#breadcrumb\",\"itemListElement\":[{\"@type\":\"ListItem\",\"position\":1,\"name\":\"Accueil\",\"item\":\"https:\/\/dilectacycles.com\/en\/\"},{\"@type\":\"ListItem\",\"position\":2,\"name\":\"Shop\",\"item\":\"https:\/\/dilectacycles.com\/en\/shop\/\"},{\"@type\":\"ListItem\",\"position\":3,\"name\":\"Grammont avec cockpit &#8211; SRAM FORCE et roues MAVIC COSMIC SL 45\"}]},{\"@type\":\"WebSite\",\"@id\":\"https:\/\/dilectacycles.com\/en\/#website\",\"url\":\"https:\/\/dilectacycles.com\/en\/\",\"name\":\"DILECTA Cycles\",\"description\":\"Depuis 1913\",\"publisher\":{\"@id\":\"https:\/\/dilectacycles.com\/en\/#organization\"},\"potentialAction\":[{\"@type\":\"SearchAction\",\"target\":{\"@type\":\"EntryPoint\",\"urlTemplate\":\"https:\/\/dilectacycles.com\/en\/?s={search_term_string}\"},\"query-input\":{\"@type\":\"PropertyValueSpecification\",\"valueRequired\":true,\"valueName\":\"search_term_string\"}}],\"inLanguage\":\"en-US\"},{\"@type\":\"Organization\",\"@id\":\"https:\/\/dilectacycles.com\/en\/#organization\",\"name\":\"DILECTA Cycles\",\"url\":\"https:\/\/dilectacycles.com\/en\/\",\"logo\":{\"@type\":\"ImageObject\",\"inLanguage\":\"en-US\",\"@id\":\"https:\/\/dilectacycles.com\/en\/#\/schema\/logo\/image\/\",\"url\":\"https:\/\/dilectacycles.com\/wp-content\/uploads\/2021\/01\/LogoH.png\",\"contentUrl\":\"https:\/\/dilectacycles.com\/wp-content\/uploads\/2021\/01\/LogoH.png\",\"width\":1563,\"height\":398,\"caption\":\"DILECTA Cycles\"},\"image\":{\"@id\":\"https:\/\/dilectacycles.com\/en\/#\/schema\/logo\/image\/\"},\"sameAs\":[\"https:\/\/www.facebook.com\/DILECTA-Cycles-107137331331736\",\"https:\/\/www.instagram.com\/dilecta_cycles\/\",\"https:\/\/www.linkedin.com\/company\/in-motion-sports-consulting\/\",\"https:\/\/www.youtube.com\/channel\/UChR3Ekn4AnWv3N0AAKKzLiQ\"]}]}<\/script>\n<!-- \/ Yoast SEO plugin. -->","yoast_head_json":{"title":"Grammont avec cockpit - SRAM FORCE et roues MAVIC COSMIC SL 45 - DILECTA Cycles","robots":{"index":"index","follow":"follow","max-snippet":"max-snippet:-1","max-image-preview":"max-image-preview:large","max-video-preview":"max-video-preview:-1"},"canonical":"https:\/\/dilectacycles.com\/produit\/grammont-avec-cockpit-sram-force-et-roues-mavic-cosmic-sl-45\/","og_locale":"en_US","og_type":"article","og_title":"Grammont avec cockpit - SRAM FORCE et roues MAVIC COSMIC SL 45 - DILECTA Cycles","og_description":"Notre v\u00e9lo de route Carbone Le nom GRAMMONT fait r\u00e9f\u00e9rence aux multiples victoires (7) glan\u00e9es par l\u2019\u00e9quipe DILECTA sur le Tour des Flandres et son mythique mur, tout comme \u00e0 la c\u00e9l\u00e8bre avenue de Grammont du Paris-Tours \u00e0 proximit\u00e9 de laquelle se trouvait l\u2019atelier DILECTA qui fabriquait les cadres sur mesure \u00e0 partir de 1937. [&hellip;]","og_url":"https:\/\/dilectacycles.com\/produit\/grammont-avec-cockpit-sram-force-et-roues-mavic-cosmic-sl-45\/","og_site_name":"DILECTA Cycles","article_publisher":"https:\/\/www.facebook.com\/DILECTA-Cycles-107137331331736","article_modified_time":"2024-08-19T14:41:50+00:00","og_image":[{"width":2560,"height":1707,"url":"https:\/\/dilectacycles.com\/wp-content\/uploads\/2024\/08\/grammont-complet-noir-DILECTA-0824-scaled.jpg","type":"image\/jpeg"}],"twitter_card":"summary_large_image","twitter_misc":{"Est. reading time":"2 minutes"},"schema":{"@context":"https:\/\/schema.org","@graph":[{"@type":"WebPage","@id":"https:\/\/dilectacycles.com\/produit\/grammont-avec-cockpit-sram-force-et-roues-mavic-cosmic-sl-45\/","url":"https:\/\/dilectacycles.com\/produit\/grammont-avec-cockpit-sram-force-et-roues-mavic-cosmic-sl-45\/","name":"Grammont avec cockpit - SRAM FORCE et roues MAVIC COSMIC SL 45 - DILECTA Cycles","isPartOf":{"@id":"https:\/\/dilectacycles.com\/en\/#website"},"primaryImageOfPage":{"@id":"https:\/\/dilectacycles.com\/produit\/grammont-avec-cockpit-sram-force-et-roues-mavic-cosmic-sl-45\/#primaryimage"},"image":{"@id":"https:\/\/dilectacycles.com\/produit\/grammont-avec-cockpit-sram-force-et-roues-mavic-cosmic-sl-45\/#primaryimage"},"thumbnailUrl":"https:\/\/dilectacycles.com\/wp-content\/uploads\/2024\/08\/grammont-complet-noir-DILECTA-0824-scaled.jpg","datePublished":"2024-08-11T09:19:16+00:00","dateModified":"2024-08-19T14:41:50+00:00","breadcrumb":{"@id":"https:\/\/dilectacycles.com\/produit\/grammont-avec-cockpit-sram-force-et-roues-mavic-cosmic-sl-45\/#breadcrumb"},"inLanguage":"en-US","potentialAction":[{"@type":"ReadAction","target":["https:\/\/dilectacycles.com\/produit\/grammont-avec-cockpit-sram-force-et-roues-mavic-cosmic-sl-45\/"]}]},{"@type":"ImageObject","inLanguage":"en-US","@id":"https:\/\/dilectacycles.com\/produit\/grammont-avec-cockpit-sram-force-et-roues-mavic-cosmic-sl-45\/#primaryimage","url":"https:\/\/dilectacycles.com\/wp-content\/uploads\/2024\/08\/grammont-complet-noir-DILECTA-0824-scaled.jpg","contentUrl":"https:\/\/dilectacycles.com\/wp-content\/uploads\/2024\/08\/grammont-complet-noir-DILECTA-0824-scaled.jpg","width":2560,"height":1707,"caption":"V\u00e9lo Dilecta grammont carbone"},{"@type":"BreadcrumbList","@id":"https:\/\/dilectacycles.com\/produit\/grammont-avec-cockpit-sram-force-et-roues-mavic-cosmic-sl-45\/#breadcrumb","itemListElement":[{"@type":"ListItem","position":1,"name":"Accueil","item":"https:\/\/dilectacycles.com\/en\/"},{"@type":"ListItem","position":2,"name":"Shop","item":"https:\/\/dilectacycles.com\/en\/shop\/"},{"@type":"ListItem","position":3,"name":"Grammont avec cockpit &#8211; SRAM FORCE et roues MAVIC COSMIC SL 45"}]},{"@type":"WebSite","@id":"https:\/\/dilectacycles.com\/en\/#website","url":"https:\/\/dilectacycles.com\/en\/","name":"DILECTA Cycles","description":"Depuis 1913","publisher":{"@id":"https:\/\/dilectacycles.com\/en\/#organization"},"potentialAction":[{"@type":"SearchAction","target":{"@type":"EntryPoint","urlTemplate":"https:\/\/dilectacycles.com\/en\/?s={search_term_string}"},"query-input":{"@type":"PropertyValueSpecification","valueRequired":true,"valueName":"search_term_string"}}],"inLanguage":"en-US"},{"@type":"Organization","@id":"https:\/\/dilectacycles.com\/en\/#organization","name":"DILECTA Cycles","url":"https:\/\/dilectacycles.com\/en\/","logo":{"@type":"ImageObject","inLanguage":"en-US","@id":"https:\/\/dilectacycles.com\/en\/#\/schema\/logo\/image\/","url":"https:\/\/dilectacycles.com\/wp-content\/uploads\/2021\/01\/LogoH.png","contentUrl":"https:\/\/dilectacycles.com\/wp-content\/uploads\/2021\/01\/LogoH.png","width":1563,"height":398,"caption":"DILECTA Cycles"},"image":{"@id":"https:\/\/dilectacycles.com\/en\/#\/schema\/logo\/image\/"},"sameAs":["https:\/\/www.facebook.com\/DILECTA-Cycles-107137331331736","https:\/\/www.instagram.com\/dilecta_cycles\/","https:\/\/www.linkedin.com\/company\/in-motion-sports-consulting\/","https:\/\/www.youtube.com\/channel\/UChR3Ekn4AnWv3N0AAKKzLiQ"]}]}},"_links":{"self":[{"href":"https:\/\/dilectacycles.com\/en\/wp-json\/wp\/v2\/product\/17939","targetHints":{"allow":["GET"]}}],"collection":[{"href":"https:\/\/dilectacycles.com\/en\/wp-json\/wp\/v2\/product"}],"about":[{"href":"https:\/\/dilectacycles.com\/en\/wp-json\/wp\/v2\/types\/product"}],"wp:featuredmedia":[{"embeddable":true,"href":"https:\/\/dilectacycles.com\/en\/wp-json\/wp\/v2\/media\/18243"}],"wp:attachment":[{"href":"https:\/\/dilectacycles.com\/en\/wp-json\/wp\/v2\/media?parent=17939"}],"wp:term":[{"taxonomy":"product_brand","embeddable":true,"href":"https:\/\/dilectacycles.com\/en\/wp-json\/wp\/v2\/product_brand?post=17939"},{"taxonomy":"product_cat","embeddable":true,"href":"https:\/\/dilectacycles.com\/en\/wp-json\/wp\/v2\/product_cat?post=17939"},{"taxonomy":"product_tag","embeddable":true,"href":"https:\/\/dilectacycles.com\/en\/wp-json\/wp\/v2\/product_tag?post=17939"}],"curies":[{"name":"wp","href":"https:\/\/api.w.org\/{rel}","templated":true}]}}